{"id":574,"date":"2018-01-29T23:37:20","date_gmt":"2018-01-29T22:37:20","guid":{"rendered":"http:\/\/parfumdembruns.fr\/?page_id=574"},"modified":"2018-03-09T09:29:07","modified_gmt":"2018-03-09T08:29:07","slug":"activites-2","status":"publish","type":"page","link":"http:\/\/parfumdembruns.fr\/?page_id=574","title":{"rendered":"Activit\u00e9s"},"content":{"rendered":"<h3><span style=\"color: #000000;\">Ballades, randonn\u00e9es<\/span><\/h3>\n<p><span style=\"color: #000000;\">La baie du Mont Saint Michel et la C\u00f4te d&rsquo;\u00c9meraude proposent de nombreuses ballades c\u00f4ti\u00e8res, entre estrans, remparts et autres sentiers douaniers&#8230; Le c\u00e9l\u00e8bre GR34 passe au pied du g\u00eete !<br \/>\n<\/span><\/p>\n<p><span style=\"color: #000000;\"><\/span><\/p>\n<p>&nbsp;<\/p>\n<h3><span style=\"color: #000000;\">\u00a0Char \u00e0 voile<\/span><\/h3>\n<p><span style=\"color: #000000;\">Un club de char \u00e0 voile vous propose initiations et locations au pied du g\u00eete ! Et le plus renomm\u00e9 de la r\u00e9gion se situe \u00e0 Cherrueix (10 minutes en voiture).<\/span><\/p>\n<p><span style=\"color: #000000;\"><\/span><\/p>\n<h3><span style=\"color: #000000;\">\u00a0<\/span><\/h3>\n<h3><span style=\"color: #000000;\">Gastronomie<\/span><\/h3>\n<p><span style=\"color: #000000;\">La r\u00e9gion est id\u00e9ale pour d\u00e9couvrir les sp\u00e9cialit\u00e9s<\/span><\/p>\n<p><span style=\"color: #000000;\"><\/span><\/p>\n<p>&nbsp;<\/p>\n<h3><span style=\"color: #000000;\">Cobac Parc<\/span><\/h3>\n<p><span style=\"color: #000000;\">Un parc d&rsquo;attractions avec parc aquatique, pour s&rsquo;amuser \u00e0 tous les \u00e2ges !<\/span><br \/>\n<span style=\"color: #000000;\"> (1\/2h en voiture)<\/span><\/p>\n<div class=\"n2-code\"><span style=\"color: #000000;\"><\/span><\/div>\n<div class=\"n2-code\"><span style=\"color: #000000;\">\u00a0<\/span><\/div>\n","protected":false},"excerpt":{"rendered":"<p>Ballades, randonn\u00e9es La baie du Mont Saint Michel et la C\u00f4te d&rsquo;\u00c9meraude proposent de nombreuses ballades c\u00f4ti\u00e8res, entre estrans, remparts<\/p>\n<p><a href=\"http:\/\/parfumdembruns.fr\/?page_id=574\" class=\"more-link\">Continue reading<span class=\"screen-reader-text\">Activit\u00e9s<\/span><\/a><\/p>\n","protected":false},"author":1,"featured_media":0,"parent":0,"menu_order":0,"comment_status":"closed","ping_status":"closed","template":"","meta":[],"_links":{"self":[{"href":"http:\/\/parfumdembruns.fr\/index.php?rest_route=\/wp\/v2\/pages\/574"}],"collection":[{"href":"http:\/\/parfumdembruns.fr\/index.php?rest_route=\/wp\/v2\/pages"}],"about":[{"href":"http:\/\/parfumdembruns.fr\/index.php?rest_route=\/wp\/v2\/types\/page"}],"author":[{"embeddable":true,"href":"http:\/\/parfumdembruns.fr\/index.php?rest_route=\/wp\/v2\/users\/1"}],"replies":[{"embeddable":true,"href":"http:\/\/parfumdembruns.fr\/index.php?rest_route=%2Fwp%2Fv2%2Fcomments&post=574"}],"version-history":[{"count":12,"href":"http:\/\/parfumdembruns.fr\/index.php?rest_route=\/wp\/v2\/pages\/574\/revisions"}],"predecessor-version":[{"id":767,"href":"http:\/\/parfumdembruns.fr\/index.php?rest_route=\/wp\/v2\/pages\/574\/revisions\/767"}],"wp:attachment":[{"href":"http:\/\/parfumdembruns.fr\/index.php?rest_route=%2Fwp%2Fv2%2Fmedia&parent=574"}],"curies":[{"name":"wp","href":"https:\/\/api.w.org\/{rel}","templated":true}]}}