{"id":125,"date":"2017-11-23T00:39:26","date_gmt":"2017-11-22T23:39:26","guid":{"rendered":"http:\/\/parfumdembruns.fr\/?page_id=125"},"modified":"2018-02-09T00:31:04","modified_gmt":"2018-02-08T23:31:04","slug":"saint-malo-cancale-dinard","status":"publish","type":"page","link":"http:\/\/parfumdembruns.fr\/?page_id=125","title":{"rendered":"\u00c0 visiter"},"content":{"rendered":"<div class=\"google-maps\"><iframe loading=\"lazy\" src=\"https:\/\/www.google.com\/maps\/d\/embed?mid=1tHDhjKPQRx2sPYrE7BihXQ_1WrafRTmt\" width=\"640\" height=\"480\"><span style=\"display: inline-block; width: 0px; overflow: hidden; line-height: 0;\" data-mce-type=\"bookmark\" class=\"mce_SELRES_start\">\ufeff<\/span><\/iframe><\/div>\n<p>&nbsp;<\/p>\n<h3><span style=\"color: #000000;\">\u00a0<\/span><\/h3>\n<h3 style=\"text-align: center;\"><span style=\"color: #000000;\">Le Mont Saint Michel<\/span><\/h3>\n<p><span style=\"color: #000000;\">Merveille entre terre et mer, le Mont est accessible \u00e0 mar\u00e9e basse mais redevient une \u00eele \u00e0 mar\u00e9e haute. Cette cit\u00e9 m\u00e9di\u00e9vale que l&rsquo;on ne pr\u00e9sente plus saura vous \u00e9merveiller tout au long de votre visite par ses vues imprenables et son patrimoine unique au monde. Vous y trouverez aussi des mus\u00e9es contant son histoire, ainsi qu&rsquo;un large choix de restaurants.<\/span><br \/>\n<span style=\"color: #000000;\"> En voiture, 1\/2h depuis le g\u00eete.<\/span><\/p>\n<div class=\"n2-code\" style=\"text-align: center;\"><span style=\"color: #000000;\"><\/span><\/div>\n<h3><span style=\"color: #000000;\">\u00a0<\/span><\/h3>\n<h3><span style=\"color: #000000;\">\u00a0<\/span><\/h3>\n<h3 style=\"text-align: center;\"><span style=\"color: #000000;\">Saint Malo<\/span><\/h3>\n<p><span style=\"color: #000000;\">Cit\u00e9 des corsaires de l\u00e9gende, ce port vous accueillera au sein de ses remparts dans la cit\u00e9 intra-muros, ou bien sur ses plages en \u00e9t\u00e9. Et si le ciel est couvert, le Grand Aquarium vous accueillera \u00e0 bassin ouvert !<\/span><br \/>\n<span style=\"color: #000000;\"> En voiture, 1\/2h depuis le g\u00eete.<\/span><\/p>\n<div class=\"n2-code\" style=\"text-align: center;\"><span style=\"color: #000000;\"><\/span><\/div>\n<div><span style=\"color: #000000;\">\u00a0<\/span><\/div>\n<h3><span style=\"color: #000000;\">\u00a0<\/span><\/h3>\n<h3 style=\"text-align: center;\"><span style=\"color: #000000;\">Cancale<\/span><\/h3>\n<p><span style=\"color: #000000;\">Lieu incontournable de ballades gourmandes avec vue sur la baie du Mont Saint Michel puis sur la C\u00f4te d&rsquo;\u00c9meraude, Cancale est renomm\u00e9e tant pour la beaut\u00e9 de son littoral que pour la qualit\u00e9 des fruits de mer qu&rsquo;on peut y d\u00e9guster.<\/span><br \/>\n<span style=\"color: #000000;\"> En voiture, 20 minutes depuis le g\u00eete.<\/span><\/p>\n<div class=\"n2-code\" style=\"text-align: center;\"><span style=\"color: #000000;\"><\/span><\/div>\n<p>&nbsp;<\/p>\n<h3 style=\"text-align: center;\"><span style=\"color: #000000;\">Dinard<\/span><\/h3>\n<p><span style=\"color: #000000;\">Station baln\u00e9aire hupp\u00e9e, Dinard est connue pour ses villas class\u00e9e et son centre de thalassoth\u00e9rapie.<\/span><br \/>\n<span style=\"color: #000000;\"> En voiture, 1\/2h depuis le g\u00eete.<\/span><\/p>\n<div class=\"n2-code\" style=\"text-align: center;\"><span style=\"color: #000000;\"><\/span><\/div>\n<p>&nbsp;<\/p>\n<h3 style=\"text-align: center;\"><span style=\"color: #000000;\">Dinan<\/span><\/h3>\n<p><span style=\"color: #000000;\">Ville m\u00e9di\u00e9vale par excellence, Dinan est particuli\u00e8rement renomm\u00e9e pour sa F\u00eate des Remparts, vous replongeant dans l&rsquo;ambiance des foires m\u00e9di\u00e9vales entres joutes, m\u00e9nestrels et autres artisans.<\/span><\/p>\n<div class=\"n2-code\" style=\"text-align: center;\"><span style=\"color: #000000;\"><\/span><\/div>\n<div><span style=\"color: #000000;\">\u00a0<\/span><\/div>\n<h3><span style=\"color: #000000;\">\u00a0<\/span><\/h3>\n<h3 style=\"text-align: center;\"><span style=\"color: #000000;\">Le Mont Dol<\/span><\/h3>\n<p><span style=\"color: #000000;\">\u00c9minent point de rep\u00e8re des polders dolois aux ch\u00eanes plusieurs fois centenaires, vous y trouverez une vue imprenable sur les environs, de Dol au Mont Saint Michel, en passant par Cancale et Hirel.<\/span><br \/>\n<span style=\"color: #000000;\"> En voiture, 10 minutes depuis le g\u00eete.<\/span><\/p>\n<p style=\"text-align: center;\"><span style=\"color: #000000;\"><\/span><\/p>\n<p>&nbsp;<\/p>\n<h3 style=\"text-align: center;\"><span style=\"color: #000000;\">Dol de Bretagne<\/span><\/h3>\n<p><span style=\"color: #000000;\">Le point d&rsquo;orgue de cette petite ville m\u00e9di\u00e9vale est sa cath\u00e9drale, que vous pourrez d\u00e9couvrir \u00e0 travers le temps au Cath\u00e9draloscope, mus\u00e9e interactif vous proposant de d\u00e9couvrir les techniques des b\u00e2tisseurs de ces monuments.<\/span><br \/>\n<span style=\"color: #000000;\"> En voiture, 10 minutes depuis le g\u00eete.<\/span><\/p>\n<div class=\"n2-code\" style=\"text-align: center;\"><span style=\"color: #000000;\"><\/span><\/div>\n<div><span style=\"color: #000000;\">\u00a0<\/span><\/div>\n<div><span style=\"color: #000000;\">\u00a0<\/span><\/div>\n<h3 style=\"text-align: center;\"><span style=\"color: #000000;\">La Pointe du Grouin<\/span><\/h3>\n<div><span style=\"color: #000000;\">\u00a0Pass\u00e9 son s\u00e9maphore, vous pourrez y observer les oiseaux marins de l&rsquo;\u00eele avoisinante, r\u00e9serve ornithologique, avant de vous avancer vers l&rsquo;oc\u00e9an si vous osez gravir la pointe elle-m\u00eame !<\/span><\/div>\n<div><span style=\"color: #000000;\">\u00a0<\/span><\/div>\n<div>\n<div class=\"n2-code\" style=\"text-align: center;\"><span style=\"color: #000000;\"><\/span><\/div>\n<\/div>\n<div><span style=\"color: #000000;\">\u00a0<\/span><\/div>\n","protected":false},"excerpt":{"rendered":"<p>\ufeff &nbsp; \u00a0 Le Mont Saint Michel Merveille entre terre et mer, le Mont est accessible \u00e0 mar\u00e9e basse mais<\/p>\n<p><a href=\"http:\/\/parfumdembruns.fr\/?page_id=125\" class=\"more-link\">Continue reading<span class=\"screen-reader-text\">\u00c0 visiter<\/span><\/a><\/p>\n","protected":false},"author":1,"featured_media":0,"parent":0,"menu_order":0,"comment_status":"closed","ping_status":"closed","template":"","meta":[],"_links":{"self":[{"href":"http:\/\/parfumdembruns.fr\/index.php?rest_route=\/wp\/v2\/pages\/125"}],"collection":[{"href":"http:\/\/parfumdembruns.fr\/index.php?rest_route=\/wp\/v2\/pages"}],"about":[{"href":"http:\/\/parfumdembruns.fr\/index.php?rest_route=\/wp\/v2\/types\/page"}],"author":[{"embeddable":true,"href":"http:\/\/parfumdembruns.fr\/index.php?rest_route=\/wp\/v2\/users\/1"}],"replies":[{"embeddable":true,"href":"http:\/\/parfumdembruns.fr\/index.php?rest_route=%2Fwp%2Fv2%2Fcomments&post=125"}],"version-history":[{"count":16,"href":"http:\/\/parfumdembruns.fr\/index.php?rest_route=\/wp\/v2\/pages\/125\/revisions"}],"predecessor-version":[{"id":714,"href":"http:\/\/parfumdembruns.fr\/index.php?rest_route=\/wp\/v2\/pages\/125\/revisions\/714"}],"wp:attachment":[{"href":"http:\/\/parfumdembruns.fr\/index.php?rest_route=%2Fwp%2Fv2%2Fmedia&parent=125"}],"curies":[{"name":"wp","href":"https:\/\/api.w.org\/{rel}","templated":true}]}}