{"id":122,"date":"2017-11-23T00:39:26","date_gmt":"2017-11-22T23:39:26","guid":{"rendered":"http:\/\/parfumdembruns.fr\/?page_id=122"},"modified":"2018-06-15T15:15:28","modified_gmt":"2018-06-15T13:15:28","slug":"presentation","status":"publish","type":"page","link":"http:\/\/parfumdembruns.fr\/?page_id=122","title":{"rendered":"Parfum d&#8217;embruns : le g\u00eete"},"content":{"rendered":"<p style=\"text-align: center;\"><span style=\"color: #000000;\">Une grande r\u00e9union de famille, un week-end ou des vacances en famille ? Notre maison de famille se transforme en g\u00eete de grand capacit\u00e9 pouvant accueillir jusqu&rsquo;\u00e0 19 personnes.<\/span><\/p>\n<p><span style=\"color: #000000;\"><a style=\"color: #000000;\" href=\"http:\/\/parfumdembruns.fr\/?page_id=68\"><img decoding=\"async\" loading=\"lazy\" class=\"size-medium wp-image-696 aligncenter\" src=\"http:\/\/parfumdembruns.fr\/wp-content\/uploads\/Photos\/Liens\/Chambres-300x100.jpg\" alt=\"\" width=\"300\" height=\"100\" srcset=\"http:\/\/parfumdembruns.fr\/wp-content\/uploads\/Photos\/Liens\/Chambres-300x100.jpg 300w, http:\/\/parfumdembruns.fr\/wp-content\/uploads\/Photos\/Liens\/Chambres-768x256.jpg 768w, http:\/\/parfumdembruns.fr\/wp-content\/uploads\/Photos\/Liens\/Chambres-100x33.jpg 100w, http:\/\/parfumdembruns.fr\/wp-content\/uploads\/Photos\/Liens\/Chambres-150x50.jpg 150w, http:\/\/parfumdembruns.fr\/wp-content\/uploads\/Photos\/Liens\/Chambres-200x67.jpg 200w, http:\/\/parfumdembruns.fr\/wp-content\/uploads\/Photos\/Liens\/Chambres-450x150.jpg 450w, http:\/\/parfumdembruns.fr\/wp-content\/uploads\/Photos\/Liens\/Chambres-600x200.jpg 600w, http:\/\/parfumdembruns.fr\/wp-content\/uploads\/Photos\/Liens\/Chambres-900x300.jpg 900w, http:\/\/parfumdembruns.fr\/wp-content\/uploads\/Photos\/Liens\/Chambres.jpg 1000w\" sizes=\"(max-width: 300px) 100vw, 300px\" \/><\/a><\/span><\/p>\n<p><span style=\"color: #000000;\">\u00c0 l&rsquo;\u00e9tage vous aurez acc\u00e8s \u00e0 cinq chambres. Trois ont un cabinet de toilette privatif (douche, WC, lavabo), une salle de bains sur le pallier compl\u00e8te les sanitaires de l&rsquo;\u00e9tage, une salle de bains aux normes handicap\u00e9s est attenante \u00e0 la chambre du bas, ce qui fait cinq salles d&rsquo;eau.<\/span><\/p>\n<p><span style=\"color: #000000;\"><a style=\"color: #000000;\" href=\"http:\/\/parfumdembruns.fr\/?page_id=103\"><img decoding=\"async\" loading=\"lazy\" class=\"size-medium wp-image-695 aligncenter\" src=\"http:\/\/parfumdembruns.fr\/wp-content\/uploads\/Photos\/Liens\/Jardins-300x100.jpg\" alt=\"\" width=\"300\" height=\"100\" srcset=\"http:\/\/parfumdembruns.fr\/wp-content\/uploads\/Photos\/Liens\/Jardins-300x100.jpg 300w, http:\/\/parfumdembruns.fr\/wp-content\/uploads\/Photos\/Liens\/Jardins-768x256.jpg 768w, http:\/\/parfumdembruns.fr\/wp-content\/uploads\/Photos\/Liens\/Jardins-100x33.jpg 100w, http:\/\/parfumdembruns.fr\/wp-content\/uploads\/Photos\/Liens\/Jardins-150x50.jpg 150w, http:\/\/parfumdembruns.fr\/wp-content\/uploads\/Photos\/Liens\/Jardins-200x67.jpg 200w, http:\/\/parfumdembruns.fr\/wp-content\/uploads\/Photos\/Liens\/Jardins-450x150.jpg 450w, http:\/\/parfumdembruns.fr\/wp-content\/uploads\/Photos\/Liens\/Jardins-600x200.jpg 600w, http:\/\/parfumdembruns.fr\/wp-content\/uploads\/Photos\/Liens\/Jardins-900x300.jpg 900w, http:\/\/parfumdembruns.fr\/wp-content\/uploads\/Photos\/Liens\/Jardins.jpg 1000w\" sizes=\"(max-width: 300px) 100vw, 300px\" \/><\/a><\/span><\/p>\n<p style=\"text-align: center;\"><span style=\"color: #000000;\">A la belle saison le jardin sud vous accueillera \u00e0 l&rsquo;abri de ses murs de granit o\u00f9 le salon de jardin sous la tonnelle et le barbecue vous permettront de profiter de la tranquilit\u00e9 de ce petit bourg \u00e0 l&rsquo;abri des regards, pendant que les enfants s&rsquo;\u00e9battront sur le trampoline s\u00e9curis\u00e9 par un filet et le portique avec toboggan. Dans le jardin nord, clos, vue sur mer, des tables de jardin vous permettront de prendre un bon et grand bol d&rsquo;air marin pour des petits d\u00e9jeuners vivifiants.<\/span><\/p>\n<p><span style=\"color: #000000;\"><a style=\"color: #000000;\" href=\"http:\/\/parfumdembruns.fr\/?page_id=100\"><img decoding=\"async\" loading=\"lazy\" class=\"size-medium wp-image-694 aligncenter\" src=\"http:\/\/parfumdembruns.fr\/wp-content\/uploads\/Photos\/Liens\/Autres-pi\u00e8ces-300x100.jpg\" alt=\"\" width=\"300\" height=\"100\" srcset=\"http:\/\/parfumdembruns.fr\/wp-content\/uploads\/Photos\/Liens\/Autres-pi\u00e8ces-300x100.jpg 300w, http:\/\/parfumdembruns.fr\/wp-content\/uploads\/Photos\/Liens\/Autres-pi\u00e8ces-768x256.jpg 768w, http:\/\/parfumdembruns.fr\/wp-content\/uploads\/Photos\/Liens\/Autres-pi\u00e8ces-100x33.jpg 100w, http:\/\/parfumdembruns.fr\/wp-content\/uploads\/Photos\/Liens\/Autres-pi\u00e8ces-150x50.jpg 150w, http:\/\/parfumdembruns.fr\/wp-content\/uploads\/Photos\/Liens\/Autres-pi\u00e8ces-200x67.jpg 200w, http:\/\/parfumdembruns.fr\/wp-content\/uploads\/Photos\/Liens\/Autres-pi\u00e8ces-450x150.jpg 450w, http:\/\/parfumdembruns.fr\/wp-content\/uploads\/Photos\/Liens\/Autres-pi\u00e8ces-600x200.jpg 600w, http:\/\/parfumdembruns.fr\/wp-content\/uploads\/Photos\/Liens\/Autres-pi\u00e8ces-900x300.jpg 900w, http:\/\/parfumdembruns.fr\/wp-content\/uploads\/Photos\/Liens\/Autres-pi\u00e8ces.jpg 1000w\" sizes=\"(max-width: 300px) 100vw, 300px\" \/><\/a><\/span><\/p>\n<ul>\n<li style=\"text-align: left;\"><span style=\"color: #000000;\">La salle \u00e0 manger accueille confortablement des groupes entiers : 18 vraies places assises, un grand t\u00e9l\u00e9viseur et une cha\u00eene st\u00e9r\u00e9o, une chemin\u00e9e avec insert \u00e0 granul\u00e9s de bois&#8230;<\/span><\/li>\n<li><span style=\"color: #000000;\">La cuisine toute \u00e9quip\u00e9e et son arri\u00e8re-cuisine vous permettent de pr\u00e9parer les plus grands banquets : 9 feux, 2 fours + 1 micro-ondes, 2 r\u00e9frig\u00e9rateurs, 1 cong\u00e9lateur, 2 \u00e9viers&#8230; ainsi que la vaisselle n\u00e9cessaire.<\/span><\/li>\n<li><span style=\"color: #000000;\">Le petit salon peut servir de salle de jeux pour les enfants, avec ses nombreux jeux de soci\u00e9t\u00e9, jouets et livres jeunesse ainsi que son piano. Ou de chambre le soir venu, avec son lit-banquette gigogne.<\/span><\/li>\n<\/ul>\n<div style=\"text-align: center;\"><span style=\"color: #000000;\">\u00a0<\/span><\/div>\n<div><span style=\"color: #000000;\">\u00a0<\/span><\/div>\n<div><span style=\"color: #000000;\"><a style=\"color: #000000;\" href=\"http:\/\/parfumdembruns.fr\/?page_id=542\"><img decoding=\"async\" loading=\"lazy\" class=\"size-medium wp-image-697 aligncenter\" src=\"http:\/\/parfumdembruns.fr\/wp-content\/uploads\/Photos\/Liens\/Accessibilit\u00e9-300x100.jpg\" alt=\"\" width=\"300\" height=\"100\" srcset=\"http:\/\/parfumdembruns.fr\/wp-content\/uploads\/Photos\/Liens\/Accessibilit\u00e9-300x100.jpg 300w, http:\/\/parfumdembruns.fr\/wp-content\/uploads\/Photos\/Liens\/Accessibilit\u00e9-768x256.jpg 768w, http:\/\/parfumdembruns.fr\/wp-content\/uploads\/Photos\/Liens\/Accessibilit\u00e9-100x33.jpg 100w, http:\/\/parfumdembruns.fr\/wp-content\/uploads\/Photos\/Liens\/Accessibilit\u00e9-150x50.jpg 150w, http:\/\/parfumdembruns.fr\/wp-content\/uploads\/Photos\/Liens\/Accessibilit\u00e9-200x67.jpg 200w, http:\/\/parfumdembruns.fr\/wp-content\/uploads\/Photos\/Liens\/Accessibilit\u00e9-450x150.jpg 450w, http:\/\/parfumdembruns.fr\/wp-content\/uploads\/Photos\/Liens\/Accessibilit\u00e9-600x200.jpg 600w, http:\/\/parfumdembruns.fr\/wp-content\/uploads\/Photos\/Liens\/Accessibilit\u00e9-900x300.jpg 900w, http:\/\/parfumdembruns.fr\/wp-content\/uploads\/Photos\/Liens\/Accessibilit\u00e9.jpg 1000w\" sizes=\"(max-width: 300px) 100vw, 300px\" \/><\/a><\/span><\/div>\n<div style=\"text-align: center;\">\n<p><span style=\"color: #000000;\">\u00a0Afin d&rsquo;ouvrir notre g\u00eete \u00e0 toutes et \u00e0 tous, nous avons rendu cette ancienne demeure aussi accessible que possible.<\/span><\/p>\n<ul>\n<li style=\"text-align: left;\"><span style=\"color: #000000;\">L&rsquo;entr\u00e9e principale pr\u00e9sente une rampe permettant d&rsquo;entrer en fauteuil roulant<\/span><\/li>\n<li style=\"text-align: left;\"><span style=\"color: #000000;\">La salle de bain et les toilettes du rez-de-chauss\u00e9e sont adapt\u00e9s aux personnes \u00e0 mobilit\u00e9 r\u00e9duite<\/span><\/li>\n<li style=\"text-align: left;\"><span style=\"color: #000000;\">Nous proposons en option un lit m\u00e9dicalis\u00e9 pour la chambre du rez-de-chauss\u00e9e<\/span><\/li>\n<\/ul>\n<\/div>\n<div style=\"text-align: center;\"><span style=\"color: #000000;\">\u00a0<\/span><\/div>\n","protected":false},"excerpt":{"rendered":"<p>Une grande r\u00e9union de famille, un week-end ou des vacances en famille ? Notre maison de famille se transforme en<\/p>\n<p><a href=\"http:\/\/parfumdembruns.fr\/?page_id=122\" class=\"more-link\">Continue reading<span class=\"screen-reader-text\">Parfum d&#8217;embruns : le g\u00eete<\/span><\/a><\/p>\n","protected":false},"author":1,"featured_media":0,"parent":0,"menu_order":0,"comment_status":"closed","ping_status":"closed","template":"","meta":[],"_links":{"self":[{"href":"http:\/\/parfumdembruns.fr\/index.php?rest_route=\/wp\/v2\/pages\/122"}],"collection":[{"href":"http:\/\/parfumdembruns.fr\/index.php?rest_route=\/wp\/v2\/pages"}],"about":[{"href":"http:\/\/parfumdembruns.fr\/index.php?rest_route=\/wp\/v2\/types\/page"}],"author":[{"embeddable":true,"href":"http:\/\/parfumdembruns.fr\/index.php?rest_route=\/wp\/v2\/users\/1"}],"replies":[{"embeddable":true,"href":"http:\/\/parfumdembruns.fr\/index.php?rest_route=%2Fwp%2Fv2%2Fcomments&post=122"}],"version-history":[{"count":13,"href":"http:\/\/parfumdembruns.fr\/index.php?rest_route=\/wp\/v2\/pages\/122\/revisions"}],"predecessor-version":[{"id":777,"href":"http:\/\/parfumdembruns.fr\/index.php?rest_route=\/wp\/v2\/pages\/122\/revisions\/777"}],"wp:attachment":[{"href":"http:\/\/parfumdembruns.fr\/index.php?rest_route=%2Fwp%2Fv2%2Fmedia&parent=122"}],"curies":[{"name":"wp","href":"https:\/\/api.w.org\/{rel}","templated":true}]}}