{"id":103,"date":"2017-11-22T23:38:07","date_gmt":"2017-11-22T22:38:07","guid":{"rendered":"http:\/\/parfumdembruns.fr\/?page_id=103"},"modified":"2018-02-09T00:48:07","modified_gmt":"2018-02-08T23:48:07","slug":"les-jardins","status":"publish","type":"page","link":"http:\/\/parfumdembruns.fr\/?page_id=103","title":{"rendered":"Les jardins"},"content":{"rendered":"<h4><span style=\"color: #000000;\">Jardin du Midi<\/span><\/h4>\n<p style=\"text-align: center;\"><span style=\"color: #000000;\">Le jardin sud fait la joie des enfants qui ont la place d&rsquo;y jouer au ballon, profitent du trampoline et du portique. Tous se retrouvent sous la tonnelle pour y d\u00e9jeuner \u00e0 l&rsquo;abri de nos bons vieux murs de granit qui nous prot\u00e8gent tout autant des brises marines que du regard des passants.<\/span><\/p>\n<div><span style=\"color: #000000;\"><\/span><\/div>\n<h4><span style=\"color: #000000;\">\u00a0<\/span><\/h4>\n<h4 style=\"text-align: left;\"><span style=\"color: #000000;\">Jardin Nord<\/span><\/h4>\n<p class=\"n2-code\" style=\"text-align: center;\"><span style=\"color: #000000;\">Un jardin face \u00e0 la mer pour prendre un bon bol d&rsquo;air iod\u00e9 d\u00e8s le petit-d\u00e9jeuner et o\u00f9 les enfants peuvent jouer en toute s\u00e9curit\u00e9.<\/span><\/p>\n<div class=\"n2-code\"><span style=\"color: #000000;\"><\/span><\/div>\n<div><span style=\"color: #000000;\">\u00a0<\/span><\/div>\n<div><span style=\"color: #000000;\">\u00a0<\/span><\/div>\n","protected":false},"excerpt":{"rendered":"<p>Jardin du Midi Le jardin sud fait la joie des enfants qui ont la place d&rsquo;y jouer au ballon, profitent<\/p>\n<p><a href=\"http:\/\/parfumdembruns.fr\/?page_id=103\" class=\"more-link\">Continue reading<span class=\"screen-reader-text\">Les jardins<\/span><\/a><\/p>\n","protected":false},"author":1,"featured_media":0,"parent":0,"menu_order":0,"comment_status":"closed","ping_status":"closed","template":"","meta":[],"_links":{"self":[{"href":"http:\/\/parfumdembruns.fr\/index.php?rest_route=\/wp\/v2\/pages\/103"}],"collection":[{"href":"http:\/\/parfumdembruns.fr\/index.php?rest_route=\/wp\/v2\/pages"}],"about":[{"href":"http:\/\/parfumdembruns.fr\/index.php?rest_route=\/wp\/v2\/types\/page"}],"author":[{"embeddable":true,"href":"http:\/\/parfumdembruns.fr\/index.php?rest_route=\/wp\/v2\/users\/1"}],"replies":[{"embeddable":true,"href":"http:\/\/parfumdembruns.fr\/index.php?rest_route=%2Fwp%2Fv2%2Fcomments&post=103"}],"version-history":[{"count":10,"href":"http:\/\/parfumdembruns.fr\/index.php?rest_route=\/wp\/v2\/pages\/103\/revisions"}],"predecessor-version":[{"id":420,"href":"http:\/\/parfumdembruns.fr\/index.php?rest_route=\/wp\/v2\/pages\/103\/revisions\/420"}],"wp:attachment":[{"href":"http:\/\/parfumdembruns.fr\/index.php?rest_route=%2Fwp%2Fv2%2Fmedia&parent=103"}],"curies":[{"name":"wp","href":"https:\/\/api.w.org\/{rel}","templated":true}]}}